{"id":9116,"date":"2022-05-29T11:16:42","date_gmt":"2022-05-29T14:16:42","guid":{"rendered":"https:\/\/cineamazonia.com.br\/edicao2022\/?page_id=9116"},"modified":"2022-05-29T11:27:43","modified_gmt":"2022-05-29T14:27:43","slug":"mostra-ficcao-na-amazonia","status":"publish","type":"page","link":"http:\/\/cineamazonia.com.br\/edicao2022\/mostra-ficcao-na-amazonia\/","title":{"rendered":"Mostra Fic\u00e7\u00e3o na Amaz\u00f4nia"},"content":{"rendered":"\t\t<div data-elementor-type=\"wp-page\" data-elementor-id=\"9116\" class=\"elementor elementor-9116\" data-elementor-settings=\"[]\">\n\t\t\t\t\t\t<div class=\"elementor-inner\">\n\t\t\t\t\t\t\t<div class=\"elementor-section-wrap\">\n\t\t\t\t\t\t\t<section class=\"elementor-section elementor-top-section elementor-element elementor-element-089d8e2 elementor-section-boxed elementor-section-height-default elementor-section-height-default\" data-id=\"089d8e2\" data-element_type=\"section\">\n\t\t\t\t\t\t<div class=\"elementor-container elementor-column-gap-default\">\n\t\t\t\t\t\t\t<div class=\"elementor-row\">\n\t\t\t\t\t<div class=\"elementor-column elementor-col-100 elementor-top-column elementor-element elementor-element-5f90f91\" data-id=\"5f90f91\" data-element_type=\"column\">\n\t\t\t<div class=\"elementor-column-wrap elementor-element-populated\">\n\t\t\t\t\t\t\t<div class=\"elementor-widget-wrap\">\n\t\t\t\t\t\t<div class=\"elementor-element elementor-element-e1d7a36 elementor-widget elementor-widget-heading\" data-id=\"e1d7a36\" data-element_type=\"widget\" data-widget_type=\"heading.default\">\n\t\t\t\t<div class=\"elementor-widget-container\">\n\t\t\t<h1 class=\"elementor-heading-title elementor-size-xl\">Mostra Fic\u00e7\u00e3o na Amaz\u00f4nia<\/h1>\t\t<\/div>\n\t\t\t\t<\/div>\n\t\t\t\t\t\t<\/div>\n\t\t\t\t\t<\/div>\n\t\t<\/div>\n\t\t\t\t\t\t\t\t<\/div>\n\t\t\t\t\t<\/div>\n\t\t<\/section>\n\t\t\t\t<section class=\"elementor-section elementor-top-section elementor-element elementor-element-d563c6e elementor-section-boxed elementor-section-height-default elementor-section-height-default\" data-id=\"d563c6e\" data-element_type=\"section\">\n\t\t\t\t\t\t<div class=\"elementor-container elementor-column-gap-default\">\n\t\t\t\t\t\t\t<div class=\"elementor-row\">\n\t\t\t\t\t<div class=\"elementor-column elementor-col-100 elementor-top-column elementor-element elementor-element-34d5108\" data-id=\"34d5108\" data-element_type=\"column\">\n\t\t\t<div class=\"elementor-column-wrap elementor-element-populated\">\n\t\t\t\t\t\t\t<div class=\"elementor-widget-wrap\">\n\t\t\t\t\t\t<div class=\"elementor-element elementor-element-ea7ce10 elementor-widget elementor-widget-vidorev_block_addon\" data-id=\"ea7ce10\" data-element_type=\"widget\" data-widget_type=\"vidorev_block_addon.default\">\n\t\t\t\t<div class=\"elementor-widget-container\">\n\t\t\t\t\t\t\t\t\t<div class=\"sc-blocks-container sc-blocks-container-control grid-df-3-col fw-c-fix-cls\" data-id=\"vp_42354\">\r\n\t\t\t\t\t\t\r\n\t\t\t\t\t\t\t\t\t\t\t\t\t\t\r\n\t\t\t\t\t\t\t<div class=\"block-filter block-filter-control\">\r\n\t\t\t\t\t\t\t\t<div class=\"ajax-loading\">\r\n\t\t\t\t\t\t\t\t\t<div class=\"la-ball-triangle-path\">\r\n\t\t\t\t\t\t\t\t\t\t<div><\/div>\r\n\t\t\t\t\t\t\t\t\t\t<div><\/div>\r\n\t\t\t\t\t\t\t\t\t\t<div><\/div>\r\n\t\t\t\t\t\t\t\t\t<\/div>\r\n\t\t\t\t\t\t\t\t<\/div>\t\t\t\t\t\t\t\t\r\n\r\n\t\t\t\t\t\t\r\n\t\t\t\t\t\t\r\n\t\t\t\t\t\t\t\t<div class=\"blog-wrapper global-blog-wrapper blog-wrapper-control active-item current-paged\" data-item=\"0\" data-paged=\"1\" data-end=\"yes\">\r\n\t\t\t\t\t\t\t\t\t<div class=\"blog-items blog-items-control site__row grid-default\">\r\n\t\t\t\t\t\t\t\t\t\t<article class=\"post-item site__col post-7787 post type-post status-publish format-video has-post-thumbnail hentry category-14-anos category-ficcao category-ficcao-amazonia post_format-post-format-video\">\r\n\t<div class=\"post-item-wrap\">\r\n\t\r\n\t\t<div class=\"blog-pic\">\r\n\t\t\t\t\t\t\t\t<div class=\"blog-pic-wrap\"><a data-post-id=\"7787\" href=\"http:\/\/cineamazonia.com.br\/edicao2022\/2022\/05\/24\/fronteira-das-almas\/\" title=\"Fronteira das Almas\" class=\"blog-img\"><img class=\"blog-picture ul-normal-effect\" src=\"http:\/\/cineamazonia.com.br\/edicao2022\/wp-content\/uploads\/2022\/05\/fronteira-almas-360x203.jpg\" srcset=\"http:\/\/cineamazonia.com.br\/edicao2022\/wp-content\/uploads\/2022\/05\/fronteira-almas-360x203.jpg 360w, http:\/\/cineamazonia.com.br\/edicao2022\/wp-content\/uploads\/2022\/05\/fronteira-almas-236x133.jpg 236w, http:\/\/cineamazonia.com.br\/edicao2022\/wp-content\/uploads\/2022\/05\/fronteira-almas-750x422.jpg 750w, http:\/\/cineamazonia.com.br\/edicao2022\/wp-content\/uploads\/2022\/05\/fronteira-almas-1500x844.jpg 1500w\" sizes=\"(max-width: 360px) 100vw, 360px\" alt=\"fronteira-almas\"\/><span class=\"ul-placeholder-bg class-16x9\"><\/span><div class=\"preview-video preview-video-control\" data-iframepreview=\"http:\/\/cineamazonia.com.br\/edicao2022\/2022\/05\/24\/fronteira-das-almas\/?video_embed=7787&#038;preview_mode=1&#038;watch_trailer=1\"><\/div><\/a><a class=\"video-icon\" data-post-id=\"7787\" href=\"http:\/\/cineamazonia.com.br\/edicao2022\/2022\/05\/24\/fronteira-das-almas\/\" title=\"Fronteira das Almas\">\u00cdcone<\/a><span \r\n\t\t\t\t\t\t\t\t\t\t\t\tclass=\"watch-later-icon watch-later-control\" \r\n\t\t\t\t\t\t\t\t\t\t\t\tdata-id=\"7787\" \r\n\t\t\t\t\t\t\t\t\t\t\t\tdata-img-src=\"http:\/\/cineamazonia.com.br\/edicao2022\/wp-content\/uploads\/2022\/05\/fronteira-almas-150x150.jpg\" \r\n\t\t\t\t\t\t\t\t\t\t\t\tdata-hyperlink=\"http:\/\/cineamazonia.com.br\/edicao2022\/2022\/05\/24\/fronteira-das-almas\/\" \r\n\t\t\t\t\t\t\t\t\t\t\t\tdata-title=\"Fronteira das Almas\"\r\n\t\t\t\t\t\t\t\t\t\t\t>\r\n\t\t\t\t\t\t\t\t\t\t\t\t<i class=\"fa fa-clock-o\" aria-hidden=\"true\"><\/i><span class=\"watch-text font-size-12\">Assistir depois<\/span><span class=\"watch-remove-text font-size-12\">Adicionado<\/span>\r\n\t\t\t\t\t\t\t\t\t\t\t<\/span><span class=\"duration-text font-size-12 meta-font\">1:24:05<\/span>\t<\/div>\r\n\t\t\t\t\t\t\t<\/div>\t\t\r\n\t\t<div class=\"listing-content\">\r\n\t\t\t\r\n\t\t\t<div class=\"categories-elm meta-font\"><div class=\"categories-wrap\"><a data-cat-id=\"cat_111\" href=\"http:\/\/cineamazonia.com.br\/edicao2022\/category\/classificacao-indicativa\/14-anos\/\" title=\"14 ANOS\" class=\"category-item m-font-size-10\">14 ANOS<\/a><a data-cat-id=\"cat_85\" href=\"http:\/\/cineamazonia.com.br\/edicao2022\/category\/ficcao\/\" title=\"FIC\u00c7\u00c3O\" class=\"category-item m-font-size-10\">FIC\u00c7\u00c3O<\/a><a data-cat-id=\"cat_131\" href=\"http:\/\/cineamazonia.com.br\/edicao2022\/category\/mostra\/ficcao-amazonia\/\" title=\"FIC\u00c7\u00c2O NA AMAZONIA\" class=\"category-item m-font-size-10\">FIC\u00c7\u00c2O NA AMAZONIA<\/a><\/div><\/div>\t\t\t\r\n\t\t\t<h3 class=\"entry-title h3 post-title\"> \r\n\t\t\t\t<a href=\"http:\/\/cineamazonia.com.br\/edicao2022\/2022\/05\/24\/fronteira-das-almas\/\" title=\"Fronteira das Almas\">Fronteira das Almas<\/a> \r\n\t\t\t<\/h3>\t\r\n\t\t\t\r\n\t\t\t\t\r\n\t\t\r\n\t\t\t\t\t\r\n\t\t\t\t\t\r\n\t\t\r\n\t\t<\/div>\r\n\t\t\r\n\t<\/div>\r\n<\/article><article class=\"post-item site__col post-7834 post type-post status-publish format-video has-post-thumbnail hentry category-10-anos category-ficcao category-ficcao-amazonia post_format-post-format-video\">\r\n\t<div class=\"post-item-wrap\">\r\n\t\r\n\t\t<div class=\"blog-pic\">\r\n\t\t\t\t\t\t\t\t<div class=\"blog-pic-wrap\"><a data-post-id=\"7834\" href=\"http:\/\/cineamazonia.com.br\/edicao2022\/2022\/05\/21\/a-febre\/\" title=\"A Febre\" class=\"blog-img\"><img class=\"blog-picture ul-normal-effect\" src=\"http:\/\/cineamazonia.com.br\/edicao2022\/wp-content\/uploads\/2022\/05\/a-febre-e1653484692835-360x203.png\" srcset=\"http:\/\/cineamazonia.com.br\/edicao2022\/wp-content\/uploads\/2022\/05\/a-febre-e1653484692835-360x203.png 360w, http:\/\/cineamazonia.com.br\/edicao2022\/wp-content\/uploads\/2022\/05\/a-febre-e1653484692835-236x133.png 236w, http:\/\/cineamazonia.com.br\/edicao2022\/wp-content\/uploads\/2022\/05\/a-febre-e1653484692835-750x422.png 750w\" sizes=\"(max-width: 360px) 100vw, 360px\" alt=\"a-febre\"\/><span class=\"ul-placeholder-bg class-16x9\"><\/span><div class=\"preview-video preview-video-control\" data-iframepreview=\"http:\/\/cineamazonia.com.br\/edicao2022\/2022\/05\/21\/a-febre\/?video_embed=7834&#038;preview_mode=1&#038;watch_trailer=1\"><\/div><\/a><a class=\"video-icon\" data-post-id=\"7834\" href=\"http:\/\/cineamazonia.com.br\/edicao2022\/2022\/05\/21\/a-febre\/\" title=\"A Febre\">\u00cdcone<\/a><span \r\n\t\t\t\t\t\t\t\t\t\t\t\tclass=\"watch-later-icon watch-later-control\" \r\n\t\t\t\t\t\t\t\t\t\t\t\tdata-id=\"7834\" \r\n\t\t\t\t\t\t\t\t\t\t\t\tdata-img-src=\"http:\/\/cineamazonia.com.br\/edicao2022\/wp-content\/uploads\/2022\/05\/a-febre-e1653484692835-150x150.png\" \r\n\t\t\t\t\t\t\t\t\t\t\t\tdata-hyperlink=\"http:\/\/cineamazonia.com.br\/edicao2022\/2022\/05\/21\/a-febre\/\" \r\n\t\t\t\t\t\t\t\t\t\t\t\tdata-title=\"A Febre\"\r\n\t\t\t\t\t\t\t\t\t\t\t>\r\n\t\t\t\t\t\t\t\t\t\t\t\t<i class=\"fa fa-clock-o\" aria-hidden=\"true\"><\/i><span class=\"watch-text font-size-12\">Assistir depois<\/span><span class=\"watch-remove-text font-size-12\">Adicionado<\/span>\r\n\t\t\t\t\t\t\t\t\t\t\t<\/span><span class=\"duration-text font-size-12 meta-font\">1:39:01<\/span>\t<\/div>\r\n\t\t\t\t\t\t\t<\/div>\t\t\r\n\t\t<div class=\"listing-content\">\r\n\t\t\t\r\n\t\t\t<div class=\"categories-elm meta-font\"><div class=\"categories-wrap\"><a data-cat-id=\"cat_109\" href=\"http:\/\/cineamazonia.com.br\/edicao2022\/category\/classificacao-indicativa\/10-anos\/\" title=\"10 ANOS\" class=\"category-item m-font-size-10\">10 ANOS<\/a><a data-cat-id=\"cat_85\" href=\"http:\/\/cineamazonia.com.br\/edicao2022\/category\/ficcao\/\" title=\"FIC\u00c7\u00c3O\" class=\"category-item m-font-size-10\">FIC\u00c7\u00c3O<\/a><a data-cat-id=\"cat_131\" href=\"http:\/\/cineamazonia.com.br\/edicao2022\/category\/mostra\/ficcao-amazonia\/\" title=\"FIC\u00c7\u00c2O NA AMAZONIA\" class=\"category-item m-font-size-10\">FIC\u00c7\u00c2O NA AMAZONIA<\/a><\/div><\/div>\t\t\t\r\n\t\t\t<h3 class=\"entry-title h3 post-title\"> \r\n\t\t\t\t<a href=\"http:\/\/cineamazonia.com.br\/edicao2022\/2022\/05\/21\/a-febre\/\" title=\"A Febre\">A Febre<\/a> \r\n\t\t\t<\/h3>\t\r\n\t\t\t\r\n\t\t\t\t\r\n\t\t\r\n\t\t\t\t\t\r\n\t\t\t\t\t\r\n\t\t\r\n\t\t<\/div>\r\n\t\t\r\n\t<\/div>\r\n<\/article><article class=\"post-item site__col post-7806 post type-post status-publish format-video has-post-thumbnail hentry category-16-anos category-ficcao category-ficcao-amazonia post_format-post-format-video\">\r\n\t<div class=\"post-item-wrap\">\r\n\t\r\n\t\t<div class=\"blog-pic\">\r\n\t\t\t\t\t\t\t\t<div class=\"blog-pic-wrap\"><a data-post-id=\"7806\" href=\"http:\/\/cineamazonia.com.br\/edicao2022\/2022\/05\/21\/rodantes\/\" title=\"Rodantes\" class=\"blog-img\"><img class=\"blog-picture ul-normal-effect\" src=\"http:\/\/cineamazonia.com.br\/edicao2022\/wp-content\/uploads\/2022\/05\/Captura-de-Tela-37-360x203.png\" srcset=\"http:\/\/cineamazonia.com.br\/edicao2022\/wp-content\/uploads\/2022\/05\/Captura-de-Tela-37-360x203.png 360w, http:\/\/cineamazonia.com.br\/edicao2022\/wp-content\/uploads\/2022\/05\/Captura-de-Tela-37-236x133.png 236w, http:\/\/cineamazonia.com.br\/edicao2022\/wp-content\/uploads\/2022\/05\/Captura-de-Tela-37-750x422.png 750w\" sizes=\"(max-width: 360px) 100vw, 360px\" alt=\"Captura de Tela (37)\"\/><span class=\"ul-placeholder-bg class-16x9\"><\/span><div class=\"preview-video preview-video-control\" data-iframepreview=\"http:\/\/cineamazonia.com.br\/edicao2022\/2022\/05\/21\/rodantes\/?video_embed=7806&#038;preview_mode=1&#038;watch_trailer=1\"><\/div><\/a><a class=\"video-icon\" data-post-id=\"7806\" href=\"http:\/\/cineamazonia.com.br\/edicao2022\/2022\/05\/21\/rodantes\/\" title=\"Rodantes\">\u00cdcone<\/a><span \r\n\t\t\t\t\t\t\t\t\t\t\t\tclass=\"watch-later-icon watch-later-control\" \r\n\t\t\t\t\t\t\t\t\t\t\t\tdata-id=\"7806\" \r\n\t\t\t\t\t\t\t\t\t\t\t\tdata-img-src=\"http:\/\/cineamazonia.com.br\/edicao2022\/wp-content\/uploads\/2022\/05\/Captura-de-Tela-37-150x150.png\" \r\n\t\t\t\t\t\t\t\t\t\t\t\tdata-hyperlink=\"http:\/\/cineamazonia.com.br\/edicao2022\/2022\/05\/21\/rodantes\/\" \r\n\t\t\t\t\t\t\t\t\t\t\t\tdata-title=\"Rodantes\"\r\n\t\t\t\t\t\t\t\t\t\t\t>\r\n\t\t\t\t\t\t\t\t\t\t\t\t<i class=\"fa fa-clock-o\" aria-hidden=\"true\"><\/i><span class=\"watch-text font-size-12\">Assistir depois<\/span><span class=\"watch-remove-text font-size-12\">Adicionado<\/span>\r\n\t\t\t\t\t\t\t\t\t\t\t<\/span><span class=\"duration-text font-size-12 meta-font\">1:40:46<\/span>\t<\/div>\r\n\t\t\t\t\t\t\t<\/div>\t\t\r\n\t\t<div class=\"listing-content\">\r\n\t\t\t\r\n\t\t\t<div class=\"categories-elm meta-font\"><div class=\"categories-wrap\"><a data-cat-id=\"cat_112\" href=\"http:\/\/cineamazonia.com.br\/edicao2022\/category\/classificacao-indicativa\/16-anos\/\" title=\"16 ANOS\" class=\"category-item m-font-size-10\">16 ANOS<\/a><a data-cat-id=\"cat_85\" href=\"http:\/\/cineamazonia.com.br\/edicao2022\/category\/ficcao\/\" title=\"FIC\u00c7\u00c3O\" class=\"category-item m-font-size-10\">FIC\u00c7\u00c3O<\/a><a data-cat-id=\"cat_131\" href=\"http:\/\/cineamazonia.com.br\/edicao2022\/category\/mostra\/ficcao-amazonia\/\" title=\"FIC\u00c7\u00c2O NA AMAZONIA\" class=\"category-item m-font-size-10\">FIC\u00c7\u00c2O NA AMAZONIA<\/a><\/div><\/div>\t\t\t\r\n\t\t\t<h3 class=\"entry-title h3 post-title\"> \r\n\t\t\t\t<a href=\"http:\/\/cineamazonia.com.br\/edicao2022\/2022\/05\/21\/rodantes\/\" title=\"Rodantes\">Rodantes<\/a> \r\n\t\t\t<\/h3>\t\r\n\t\t\t\r\n\t\t\t\t\r\n\t\t\r\n\t\t\t\t\t\r\n\t\t\t\t\t\r\n\t\t\r\n\t\t<\/div>\r\n\t\t\r\n\t<\/div>\r\n<\/article>\t\r\n\t\t\t\t\t\t\t\t\t<\/div>\t\r\n\t\t\t\t\t\t\t\t<\/div>\r\n\t\t\t\t\t\t\t\r\n\t\t\t\t\t\t\r\n\t\t\t\t\t\t\t<\/div>\t\r\n\t\t\t\t\t\t\t<div class=\"bl-page-prev-next bl-page-prev-next-control \">\r\n\t\t\t\t\t\t\t\t<span class=\"next-prev-action disabled-query\" data-action=\"prev\"><i class=\"fa fa-angle-left\" aria-hidden=\"true\"><\/i><\/span>\r\n\t\t\t\t\t\t\t\t<span class=\"next-prev-action\" data-action=\"next\"><i class=\"fa fa-angle-right\" aria-hidden=\"true\"><\/i><\/span>\r\n\t\t\t\t\t\t\t<\/div>\t\t\t\t\t\r\n\t\t\t\t\t\t<\/div>\r\n\t\t\t\t\t\t\t\t\t<script>if(typeof(vidorev_builder_control)!==\"undefined\" && vidorev_builder_control!==null){vidorev_builder_control.filter_tab_responsive();}<\/script>\t\t<\/div>\n\t\t\t\t<\/div>\n\t\t\t\t\t\t<\/div>\n\t\t\t\t\t<\/div>\n\t\t<\/div>\n\t\t\t\t\t\t\t\t<\/div>\n\t\t\t\t\t<\/div>\n\t\t<\/section>\n\t\t\t\t\t\t<\/div>\n\t\t\t\t\t\t<\/div>\n\t\t\t\t\t<\/div>\n\t\t","protected":false},"excerpt":{"rendered":"<p>Mostra Fic\u00e7\u00e3o na Amaz\u00f4nia \u00cdcone Assistir depoisAdicionado 1:24:05 14 ANOSFIC\u00c7\u00c3OFIC\u00c7\u00c2O NA AMAZONIA Fronteira das Almas \u00cdcone Assistir depoisAdicionado 1:39:01 10 ANOSFIC\u00c7\u00c3OFIC\u00c7\u00c2O NA AMAZONIA A Febre \u00cdcone Assistir depoisAdicionado 1:40:46 16 ANOSFIC\u00c7\u00c3OFIC\u00c7\u00c2O NA AMAZONIA Rodantes<\/p>\n","protected":false},"author":1,"featured_media":0,"parent":0,"menu_order":0,"comment_status":"closed","ping_status":"closed","template":"page-templates\/front-page-template.php","meta":{"_expiration-date-status":"","_expiration-date":0,"_expiration-date-type":"","_expiration-date-categories":[],"_expiration-date-options":[]},"cmb2":{"page_slider_settings":{"display_slider_group":"no","page_slider_group":[{"layout":"slider-4","post_type":"post","category":"LONGAS COMPETITIVA","order_by":"modified","order":"DESC","post_count":"4","display_categories":"no","display_author":"no","display_date":"no","display_comment_count":"no","display_view_count":"no","display_like_count":"no","display_dislike_count":"no","autoplay":"6000","fade":"no"}]},"blog_page_settings":{"blog_page_title":"","blog_page_heading":"off","blog_page_advance_search":"off","blog_page_ic":"","blog_page_it":"","blog_page_ec":"","blog_page_ip":"","blog_page_advance_search_id":"","archive_loop_style":"grid-default","blog_image_ratio":"","blog_show_categories":"on","blog_show_excerpt":"on","blog_show_author":"on","blog_show_date":"on","blog_show_comment_count":"on","blog_show_view_count":"on","blog_show_like_count":"on","blog_show_dislike_count":"on","blog_items_per_page":"10","blog_pag_type":"wp-default"},"page_options":{"get_page_template":"","color_mode":"dark","main_layout":"","main_layout_full_with":"","main_logo":"","main_logo_id":"","main_logo_retina":"","main_logo_retina_id":"","main_logo_mobile":"","main_logo_mobile_id":"","main_logo_mobile_retina":"","main_logo_mobile_retina_id":"","sticky_logo":"","sticky_logo_id":"","sticky_logo_retina":"","sticky_logo_retina_id":"","main_nav_layout":"","ajax_search":"","header_background":"","theme_sidebar":"hidden","instagram_feed":"","instagram_feed_position":"","popular_videos":"","popular_videos_title_1":"","popular_videos_title_2":"","popular_videos_ic":"","popular_videos_it":"","theme_background":"","page_custom_css":""}},"_links":{"self":[{"href":"http:\/\/cineamazonia.com.br\/edicao2022\/wp-json\/wp\/v2\/pages\/9116"}],"collection":[{"href":"http:\/\/cineamazonia.com.br\/edicao2022\/wp-json\/wp\/v2\/pages"}],"about":[{"href":"http:\/\/cineamazonia.com.br\/edicao2022\/wp-json\/wp\/v2\/types\/page"}],"author":[{"embeddable":true,"href":"http:\/\/cineamazonia.com.br\/edicao2022\/wp-json\/wp\/v2\/users\/1"}],"replies":[{"embeddable":true,"href":"http:\/\/cineamazonia.com.br\/edicao2022\/wp-json\/wp\/v2\/comments?post=9116"}],"version-history":[{"count":6,"href":"http:\/\/cineamazonia.com.br\/edicao2022\/wp-json\/wp\/v2\/pages\/9116\/revisions"}],"predecessor-version":[{"id":9150,"href":"http:\/\/cineamazonia.com.br\/edicao2022\/wp-json\/wp\/v2\/pages\/9116\/revisions\/9150"}],"wp:attachment":[{"href":"http:\/\/cineamazonia.com.br\/edicao2022\/wp-json\/wp\/v2\/media?parent=9116"}],"curies":[{"name":"wp","href":"https:\/\/api.w.org\/{rel}","templated":true}]}}