{"id":9109,"date":"2022-05-29T11:08:54","date_gmt":"2022-05-29T14:08:54","guid":{"rendered":"https:\/\/cineamazonia.com.br\/edicao2022\/?page_id=9109"},"modified":"2022-05-29T11:22:27","modified_gmt":"2022-05-29T14:22:27","slug":"mostra-memoria-civelli-2","status":"publish","type":"page","link":"https:\/\/cineamazonia.com.br\/edicao2022\/mostra-memoria-civelli-2\/","title":{"rendered":"Mostra Mem\u00f3ria Civelli"},"content":{"rendered":"\t\t<div data-elementor-type=\"wp-page\" data-elementor-id=\"9109\" class=\"elementor elementor-9109\" data-elementor-settings=\"[]\">\n\t\t\t\t\t\t<div class=\"elementor-inner\">\n\t\t\t\t\t\t\t<div class=\"elementor-section-wrap\">\n\t\t\t\t\t\t\t<section class=\"elementor-section elementor-top-section elementor-element elementor-element-2e4f423 elementor-section-boxed elementor-section-height-default elementor-section-height-default\" data-id=\"2e4f423\" data-element_type=\"section\">\n\t\t\t\t\t\t<div class=\"elementor-container elementor-column-gap-default\">\n\t\t\t\t\t\t\t<div class=\"elementor-row\">\n\t\t\t\t\t<div class=\"elementor-column elementor-col-100 elementor-top-column elementor-element elementor-element-2a7ba65\" data-id=\"2a7ba65\" data-element_type=\"column\">\n\t\t\t<div class=\"elementor-column-wrap elementor-element-populated\">\n\t\t\t\t\t\t\t<div class=\"elementor-widget-wrap\">\n\t\t\t\t\t\t<div class=\"elementor-element elementor-element-9cc4ce2 elementor-widget elementor-widget-heading\" data-id=\"9cc4ce2\" data-element_type=\"widget\" data-widget_type=\"heading.default\">\n\t\t\t\t<div class=\"elementor-widget-container\">\n\t\t\t<h1 class=\"elementor-heading-title elementor-size-xl\">Mostra Mem\u00f3ria Civelli<\/h1>\t\t<\/div>\n\t\t\t\t<\/div>\n\t\t\t\t\t\t<\/div>\n\t\t\t\t\t<\/div>\n\t\t<\/div>\n\t\t\t\t\t\t\t\t<\/div>\n\t\t\t\t\t<\/div>\n\t\t<\/section>\n\t\t\t\t<section class=\"elementor-section elementor-top-section elementor-element elementor-element-249b926 elementor-section-boxed elementor-section-height-default elementor-section-height-default\" data-id=\"249b926\" data-element_type=\"section\">\n\t\t\t\t\t\t<div class=\"elementor-container elementor-column-gap-default\">\n\t\t\t\t\t\t\t<div class=\"elementor-row\">\n\t\t\t\t\t<div class=\"elementor-column elementor-col-100 elementor-top-column elementor-element elementor-element-32444a4\" data-id=\"32444a4\" data-element_type=\"column\">\n\t\t\t<div class=\"elementor-column-wrap elementor-element-populated\">\n\t\t\t\t\t\t\t<div class=\"elementor-widget-wrap\">\n\t\t\t\t\t\t<section class=\"elementor-section elementor-inner-section elementor-element elementor-element-5af6aeb elementor-section-boxed elementor-section-height-default elementor-section-height-default\" data-id=\"5af6aeb\" data-element_type=\"section\">\n\t\t\t\t\t\t<div class=\"elementor-container elementor-column-gap-default\">\n\t\t\t\t\t\t\t<div class=\"elementor-row\">\n\t\t\t\t\t<div class=\"elementor-column elementor-col-100 elementor-inner-column elementor-element elementor-element-4b1322c\" data-id=\"4b1322c\" data-element_type=\"column\">\n\t\t\t<div class=\"elementor-column-wrap elementor-element-populated\">\n\t\t\t\t\t\t\t<div class=\"elementor-widget-wrap\">\n\t\t\t\t\t\t<div class=\"elementor-element elementor-element-83b9d88 elementor-widget-divider--view-line elementor-widget elementor-widget-divider\" data-id=\"83b9d88\" data-element_type=\"widget\" data-widget_type=\"divider.default\">\n\t\t\t\t<div class=\"elementor-widget-container\">\n\t\t\t\t\t<div class=\"elementor-divider\">\n\t\t\t<span class=\"elementor-divider-separator\">\n\t\t\t\t\t\t<\/span>\n\t\t<\/div>\n\t\t\t\t<\/div>\n\t\t\t\t<\/div>\n\t\t\t\t\t\t<\/div>\n\t\t\t\t\t<\/div>\n\t\t<\/div>\n\t\t\t\t\t\t\t\t<\/div>\n\t\t\t\t\t<\/div>\n\t\t<\/section>\n\t\t\t\t<div class=\"elementor-element elementor-element-da285a8 elementor-widget elementor-widget-vidorev_block_addon\" data-id=\"da285a8\" data-element_type=\"widget\" data-widget_type=\"vidorev_block_addon.default\">\n\t\t\t\t<div class=\"elementor-widget-container\">\n\t\t\t\t\t\t\t\t\t<div class=\"sc-blocks-container sc-blocks-container-control grid-df-3-col fw-c-fix-cls\" data-id=\"vp_79626\">\r\n\t\t\t\t\t\t\r\n\t\t\t\t\t\t\t\t\t\t\t\t\t\t\r\n\t\t\t\t\t\t\t<div class=\"block-filter block-filter-control\">\r\n\t\t\t\t\t\t\t\t<div class=\"ajax-loading\">\r\n\t\t\t\t\t\t\t\t\t<div class=\"la-ball-triangle-path\">\r\n\t\t\t\t\t\t\t\t\t\t<div><\/div>\r\n\t\t\t\t\t\t\t\t\t\t<div><\/div>\r\n\t\t\t\t\t\t\t\t\t\t<div><\/div>\r\n\t\t\t\t\t\t\t\t\t<\/div>\r\n\t\t\t\t\t\t\t\t<\/div>\t\t\t\t\t\t\t\t\r\n\r\n\t\t\t\t\t\t\r\n\t\t\t\t\t\t\r\n\t\t\t\t\t\t\t\t<div class=\"blog-wrapper global-blog-wrapper blog-wrapper-control active-item current-paged\" data-item=\"0\" data-paged=\"1\" data-end=\"yes\">\r\n\t\t\t\t\t\t\t\t\t<div class=\"blog-items blog-items-control site__row grid-default\">\r\n\t\t\t\t\t\t\t\t\t\t<article class=\"post-item site__col post-7857 post type-post status-publish format-video has-post-thumbnail hentry category-documentarios category-livre category-memoria-civelli post_format-post-format-video\">\r\n\t<div class=\"post-item-wrap\">\r\n\t\r\n\t\t<div class=\"blog-pic\">\r\n\t\t\t\t\t\t\t\t<div class=\"blog-pic-wrap\"><a data-post-id=\"7857\" href=\"https:\/\/cineamazonia.com.br\/edicao2022\/2022\/05\/21\/rondon-o-sentimento-da-terra\/\" title=\"Rondon o Sentimento da Terra\" class=\"blog-img\"><img class=\"blog-picture ul-normal-effect\" src=\"https:\/\/cineamazonia.com.br\/edicao2022\/wp-content\/uploads\/2022\/05\/rondon-sentido-terra-360x203.jpg\" srcset=\"https:\/\/cineamazonia.com.br\/edicao2022\/wp-content\/uploads\/2022\/05\/rondon-sentido-terra-360x203.jpg 360w, https:\/\/cineamazonia.com.br\/edicao2022\/wp-content\/uploads\/2022\/05\/rondon-sentido-terra-236x133.jpg 236w, https:\/\/cineamazonia.com.br\/edicao2022\/wp-content\/uploads\/2022\/05\/rondon-sentido-terra-750x422.jpg 750w\" sizes=\"(max-width: 360px) 100vw, 360px\" alt=\"rondon-sentido-terra\"\/><span class=\"ul-placeholder-bg class-16x9\"><\/span><div class=\"preview-video preview-video-control\" data-iframepreview=\"https:\/\/cineamazonia.com.br\/edicao2022\/2022\/05\/21\/rondon-o-sentimento-da-terra\/?video_embed=7857&#038;preview_mode=1&#038;watch_trailer=1\"><\/div><\/a><a class=\"video-icon\" data-post-id=\"7857\" href=\"https:\/\/cineamazonia.com.br\/edicao2022\/2022\/05\/21\/rondon-o-sentimento-da-terra\/\" title=\"Rondon o Sentimento da Terra\">\u00cdcone<\/a><span \r\n\t\t\t\t\t\t\t\t\t\t\t\tclass=\"watch-later-icon watch-later-control\" \r\n\t\t\t\t\t\t\t\t\t\t\t\tdata-id=\"7857\" \r\n\t\t\t\t\t\t\t\t\t\t\t\tdata-img-src=\"https:\/\/cineamazonia.com.br\/edicao2022\/wp-content\/uploads\/2022\/05\/rondon-sentido-terra-150x150.jpg\" \r\n\t\t\t\t\t\t\t\t\t\t\t\tdata-hyperlink=\"https:\/\/cineamazonia.com.br\/edicao2022\/2022\/05\/21\/rondon-o-sentimento-da-terra\/\" \r\n\t\t\t\t\t\t\t\t\t\t\t\tdata-title=\"Rondon o Sentimento da Terra\"\r\n\t\t\t\t\t\t\t\t\t\t\t>\r\n\t\t\t\t\t\t\t\t\t\t\t\t<i class=\"fa fa-clock-o\" aria-hidden=\"true\"><\/i><span class=\"watch-text font-size-12\">Assistir depois<\/span><span class=\"watch-remove-text font-size-12\">Adicionado<\/span>\r\n\t\t\t\t\t\t\t\t\t\t\t<\/span><span class=\"duration-text font-size-12 meta-font\">54:20<\/span>\t<\/div>\r\n\t\t\t\t\t\t\t<\/div>\t\t\r\n\t\t<div class=\"listing-content\">\r\n\t\t\t\r\n\t\t\t<div class=\"categories-elm meta-font\"><div class=\"categories-wrap\"><a data-cat-id=\"cat_83\" href=\"https:\/\/cineamazonia.com.br\/edicao2022\/category\/documentarios\/\" title=\"DOCUMENT\u00c1RIO\" class=\"category-item m-font-size-10\">DOCUMENT\u00c1RIO<\/a><a data-cat-id=\"cat_108\" href=\"https:\/\/cineamazonia.com.br\/edicao2022\/category\/classificacao-indicativa\/livre\/\" title=\"Livre\" class=\"category-item m-font-size-10\">Livre<\/a><a data-cat-id=\"cat_132\" href=\"https:\/\/cineamazonia.com.br\/edicao2022\/category\/mostra\/memoria-civelli\/\" title=\"MEM\u00d3RIA CIVELLI\" class=\"category-item m-font-size-10\">MEM\u00d3RIA CIVELLI<\/a><\/div><\/div>\t\t\t\r\n\t\t\t<h3 class=\"entry-title h3 post-title\"> \r\n\t\t\t\t<a href=\"https:\/\/cineamazonia.com.br\/edicao2022\/2022\/05\/21\/rondon-o-sentimento-da-terra\/\" title=\"Rondon o Sentimento da Terra\">Rondon o Sentimento da Terra<\/a> \r\n\t\t\t<\/h3>\t\r\n\t\t\t\r\n\t\t\t\t\r\n\t\t\r\n\t\t\t\t\t\r\n\t\t\t\t\t\r\n\t\t\r\n\t\t<\/div>\r\n\t\t\r\n\t<\/div>\r\n<\/article><article class=\"post-item site__col post-7849 post type-post status-publish format-video has-post-thumbnail hentry category-documentarios category-livre category-memoria-civelli post_format-post-format-video\">\r\n\t<div class=\"post-item-wrap\">\r\n\t\r\n\t\t<div class=\"blog-pic\">\r\n\t\t\t\t\t\t\t\t<div class=\"blog-pic-wrap\"><a data-post-id=\"7849\" href=\"https:\/\/cineamazonia.com.br\/edicao2022\/2022\/05\/21\/o-gigante\/\" title=\"O Gigante\" class=\"blog-img\"><img class=\"blog-picture ul-normal-effect\" src=\"https:\/\/cineamazonia.com.br\/edicao2022\/wp-content\/uploads\/2022\/05\/o-gigante-360x203.jpg\" srcset=\"https:\/\/cineamazonia.com.br\/edicao2022\/wp-content\/uploads\/2022\/05\/o-gigante-360x203.jpg 360w, https:\/\/cineamazonia.com.br\/edicao2022\/wp-content\/uploads\/2022\/05\/o-gigante-236x133.jpg 236w, https:\/\/cineamazonia.com.br\/edicao2022\/wp-content\/uploads\/2022\/05\/o-gigante-750x422.jpg 750w\" sizes=\"(max-width: 360px) 100vw, 360px\" alt=\"o-gigante\"\/><span class=\"ul-placeholder-bg class-16x9\"><\/span><div class=\"preview-video preview-video-control\" data-iframepreview=\"https:\/\/cineamazonia.com.br\/edicao2022\/2022\/05\/21\/o-gigante\/?video_embed=7849&#038;preview_mode=1&#038;watch_trailer=1\"><\/div><\/a><a class=\"video-icon\" data-post-id=\"7849\" href=\"https:\/\/cineamazonia.com.br\/edicao2022\/2022\/05\/21\/o-gigante\/\" title=\"O Gigante\">\u00cdcone<\/a><span \r\n\t\t\t\t\t\t\t\t\t\t\t\tclass=\"watch-later-icon watch-later-control\" \r\n\t\t\t\t\t\t\t\t\t\t\t\tdata-id=\"7849\" \r\n\t\t\t\t\t\t\t\t\t\t\t\tdata-img-src=\"https:\/\/cineamazonia.com.br\/edicao2022\/wp-content\/uploads\/2022\/05\/o-gigante-150x150.jpg\" \r\n\t\t\t\t\t\t\t\t\t\t\t\tdata-hyperlink=\"https:\/\/cineamazonia.com.br\/edicao2022\/2022\/05\/21\/o-gigante\/\" \r\n\t\t\t\t\t\t\t\t\t\t\t\tdata-title=\"O Gigante\"\r\n\t\t\t\t\t\t\t\t\t\t\t>\r\n\t\t\t\t\t\t\t\t\t\t\t\t<i class=\"fa fa-clock-o\" aria-hidden=\"true\"><\/i><span class=\"watch-text font-size-12\">Assistir depois<\/span><span class=\"watch-remove-text font-size-12\">Adicionado<\/span>\r\n\t\t\t\t\t\t\t\t\t\t\t<\/span><span class=\"duration-text font-size-12 meta-font\">1:28:53<\/span>\t<\/div>\r\n\t\t\t\t\t\t\t<\/div>\t\t\r\n\t\t<div class=\"listing-content\">\r\n\t\t\t\r\n\t\t\t<div class=\"categories-elm meta-font\"><div class=\"categories-wrap\"><a data-cat-id=\"cat_83\" href=\"https:\/\/cineamazonia.com.br\/edicao2022\/category\/documentarios\/\" title=\"DOCUMENT\u00c1RIO\" class=\"category-item m-font-size-10\">DOCUMENT\u00c1RIO<\/a><a data-cat-id=\"cat_108\" href=\"https:\/\/cineamazonia.com.br\/edicao2022\/category\/classificacao-indicativa\/livre\/\" title=\"Livre\" class=\"category-item m-font-size-10\">Livre<\/a><a data-cat-id=\"cat_132\" href=\"https:\/\/cineamazonia.com.br\/edicao2022\/category\/mostra\/memoria-civelli\/\" title=\"MEM\u00d3RIA CIVELLI\" class=\"category-item m-font-size-10\">MEM\u00d3RIA CIVELLI<\/a><\/div><\/div>\t\t\t\r\n\t\t\t<h3 class=\"entry-title h3 post-title\"> \r\n\t\t\t\t<a href=\"https:\/\/cineamazonia.com.br\/edicao2022\/2022\/05\/21\/o-gigante\/\" title=\"O Gigante\">O Gigante<\/a> \r\n\t\t\t<\/h3>\t\r\n\t\t\t\r\n\t\t\t\t\r\n\t\t\r\n\t\t\t\t\t\r\n\t\t\t\t\t\r\n\t\t\r\n\t\t<\/div>\r\n\t\t\r\n\t<\/div>\r\n<\/article>\t\r\n\t\t\t\t\t\t\t\t\t<\/div>\t\r\n\t\t\t\t\t\t\t\t<\/div>\r\n\t\t\t\t\t\t\t\r\n\t\t\t\t\t\t\r\n\t\t\t\t\t\t\t<\/div>\t\r\n\t\t\t\t\t\t\t<div class=\"bl-page-prev-next bl-page-prev-next-control \">\r\n\t\t\t\t\t\t\t\t<span class=\"next-prev-action disabled-query\" data-action=\"prev\"><i class=\"fa fa-angle-left\" aria-hidden=\"true\"><\/i><\/span>\r\n\t\t\t\t\t\t\t\t<span class=\"next-prev-action\" data-action=\"next\"><i class=\"fa fa-angle-right\" aria-hidden=\"true\"><\/i><\/span>\r\n\t\t\t\t\t\t\t<\/div>\t\t\t\t\t\r\n\t\t\t\t\t\t<\/div>\r\n\t\t\t\t\t\t\t\t\t<script>if(typeof(vidorev_builder_control)!==\"undefined\" && vidorev_builder_control!==null){vidorev_builder_control.filter_tab_responsive();}<\/script>\t\t<\/div>\n\t\t\t\t<\/div>\n\t\t\t\t\t\t<\/div>\n\t\t\t\t\t<\/div>\n\t\t<\/div>\n\t\t\t\t\t\t\t\t<\/div>\n\t\t\t\t\t<\/div>\n\t\t<\/section>\n\t\t\t\t<section class=\"elementor-section elementor-top-section elementor-element elementor-element-5d4ad5b elementor-section-boxed elementor-section-height-default elementor-section-height-default\" data-id=\"5d4ad5b\" data-element_type=\"section\">\n\t\t\t\t\t\t<div class=\"elementor-container elementor-column-gap-default\">\n\t\t\t\t\t\t\t<div class=\"elementor-row\">\n\t\t\t\t\t<div class=\"elementor-column elementor-col-100 elementor-top-column elementor-element elementor-element-2e2514a\" data-id=\"2e2514a\" data-element_type=\"column\">\n\t\t\t<div class=\"elementor-column-wrap\">\n\t\t\t\t\t\t\t<div class=\"elementor-widget-wrap\">\n\t\t\t\t\t\t\t\t<\/div>\n\t\t\t\t\t<\/div>\n\t\t<\/div>\n\t\t\t\t\t\t\t\t<\/div>\n\t\t\t\t\t<\/div>\n\t\t<\/section>\n\t\t\t\t\t\t<\/div>\n\t\t\t\t\t\t<\/div>\n\t\t\t\t\t<\/div>\n\t\t","protected":false},"excerpt":{"rendered":"<p>Mostra Mem\u00f3ria Civelli \u00cdcone Assistir depoisAdicionado 54:20 DOCUMENT\u00c1RIOLivreMEM\u00d3RIA FAMILIA CIVELLI Rondon o Sentimento da Terra \u00cdcone Assistir depoisAdicionado 1:28:53 DOCUMENT\u00c1RIOLivreMEM\u00d3RIA FAMILIA CIVELLI O Gigante<\/p>\n","protected":false},"author":1,"featured_media":0,"parent":0,"menu_order":0,"comment_status":"closed","ping_status":"closed","template":"page-templates\/front-page-template.php","meta":{"_expiration-date-status":"","_expiration-date":0,"_expiration-date-type":"","_expiration-date-categories":[],"_expiration-date-options":[]},"cmb2":{"page_slider_settings":{"display_slider_group":"no","page_slider_group":[{"layout":"slider-4","post_type":"post","category":"LONGAS COMPETITIVA","order_by":"modified","order":"DESC","post_count":"4","display_categories":"no","display_author":"no","display_date":"no","display_comment_count":"no","display_view_count":"no","display_like_count":"no","display_dislike_count":"no","autoplay":"6000","fade":"no"}]},"blog_page_settings":{"blog_page_title":"","blog_page_heading":"off","blog_page_advance_search":"off","blog_page_ic":"","blog_page_it":"","blog_page_ec":"","blog_page_ip":"","blog_page_advance_search_id":"","archive_loop_style":"grid-default","blog_image_ratio":"","blog_show_categories":"on","blog_show_excerpt":"on","blog_show_author":"on","blog_show_date":"on","blog_show_comment_count":"on","blog_show_view_count":"on","blog_show_like_count":"on","blog_show_dislike_count":"on","blog_items_per_page":"10","blog_pag_type":"wp-default"},"page_options":{"get_page_template":"","color_mode":"dark","main_layout":"","main_layout_full_with":"","main_logo":"","main_logo_id":"","main_logo_retina":"","main_logo_retina_id":"","main_logo_mobile":"","main_logo_mobile_id":"","main_logo_mobile_retina":"","main_logo_mobile_retina_id":"","sticky_logo":"","sticky_logo_id":"","sticky_logo_retina":"","sticky_logo_retina_id":"","main_nav_layout":"","ajax_search":"","header_background":"","theme_sidebar":"hidden","instagram_feed":"","instagram_feed_position":"","popular_videos":"","popular_videos_title_1":"","popular_videos_title_2":"","popular_videos_ic":"","popular_videos_it":"","theme_background":"","page_custom_css":""}},"_links":{"self":[{"href":"https:\/\/cineamazonia.com.br\/edicao2022\/wp-json\/wp\/v2\/pages\/9109"}],"collection":[{"href":"https:\/\/cineamazonia.com.br\/edicao2022\/wp-json\/wp\/v2\/pages"}],"about":[{"href":"https:\/\/cineamazonia.com.br\/edicao2022\/wp-json\/wp\/v2\/types\/page"}],"author":[{"embeddable":true,"href":"https:\/\/cineamazonia.com.br\/edicao2022\/wp-json\/wp\/v2\/users\/1"}],"replies":[{"embeddable":true,"href":"https:\/\/cineamazonia.com.br\/edicao2022\/wp-json\/wp\/v2\/comments?post=9109"}],"version-history":[{"count":15,"href":"https:\/\/cineamazonia.com.br\/edicao2022\/wp-json\/wp\/v2\/pages\/9109\/revisions"}],"predecessor-version":[{"id":9137,"href":"https:\/\/cineamazonia.com.br\/edicao2022\/wp-json\/wp\/v2\/pages\/9109\/revisions\/9137"}],"wp:attachment":[{"href":"https:\/\/cineamazonia.com.br\/edicao2022\/wp-json\/wp\/v2\/media?parent=9109"}],"curies":[{"name":"wp","href":"https:\/\/api.w.org\/{rel}","templated":true}]}}